{"id":8633,"date":"2023-04-19T10:00:44","date_gmt":"2023-04-19T14:00:44","guid":{"rendered":"https:\/\/ccla.org\/?page_id=8633"},"modified":"2023-04-19T10:06:33","modified_gmt":"2023-04-19T14:06:33","slug":"sign-our-petition","status":"publish","type":"page","link":"https:\/\/ccla.org\/fr\/appel-a-tous-les-activistes\/signer-notre-petition\/","title":{"rendered":"Signez notre p\u00e9tition"},"content":{"rendered":"<div id=\"fws_69e1df7c9d015\"  data-column-margin=\"default\" data-midnight=\"dark\"  class=\"wpb_row vc_row-fluid vc_row\"  style=\"padding-top: 0px; padding-bottom: 0px; \"><div class=\"row-bg-wrap\" data-bg-animation=\"none\" data-bg-animation-delay=\"\" data-bg-overlay=\"false\"><div class=\"inner-wrap row-bg-layer\" ><div class=\"row-bg viewport-desktop\"  style=\"\"><\/div><\/div><\/div><div class=\"row_col_wrap_12 col span_12 dark left\">\n\t<div  class=\"vc_col-sm-12 wpb_column column_container vc_column_container col no-extra-padding inherit_tablet inherit_phone\"  data-padding-pos=\"all\" data-has-bg-color=\"false\" data-bg-color=\"\" data-bg-opacity=\"1\" data-animation=\"\" data-delay=\"0\" >\n\t\t<div class=\"vc_column-inner\" >\n\t\t\t<div class=\"wpb_wrapper\">\n\t\t\t\t\n\t\t<div id=\"fws_69e1df7c9d5c0\"  data-column-margin=\"default\" data-midnight=\"dark\"  class=\"wpb_row vc_row-fluid vc_row full-width-section\"  style=\"padding-top: 0px; padding-bottom: 0px; \"><div class=\"row-bg-wrap\" data-bg-animation=\"none\" data-bg-animation-delay=\"\" data-bg-overlay=\"true\"><div class=\"inner-wrap row-bg-layer\" ><div class=\"row-bg viewport-desktop\"  style=\"\"><\/div><\/div><div class=\"row-bg-overlay row-bg-layer\" style=\"background: rgba(0,0,0,0.3); background: linear-gradient(to bottom,rgba(0,0,0,0.3) 0%,rgba(238,238,238,0.01) 100%);  opacity: 0.5; \"><\/div><\/div><div class=\"row_col_wrap_12 col span_12 dark left\">\n\t<div  class=\"vc_col-sm-12 wpb_column column_container vc_column_container col no-extra-padding inherit_tablet inherit_phone\"  data-padding-pos=\"all\" data-has-bg-color=\"false\" data-bg-color=\"\" data-bg-opacity=\"1\" data-animation=\"\" data-delay=\"0\" >\n\t\t<div class=\"vc_column-inner\" >\n\t\t\t<div class=\"wpb_wrapper\">\n\t\t\t\t<div class=\"divider-wrap\" data-alignment=\"default\"><div style=\"height: 10px;\" class=\"divider\"><\/div><\/div>\n\t\t\t<\/div> \n\t\t<\/div>\n\t<\/div> \n<\/div><\/div>\n\n\t\t\t<\/div> \n\t\t<\/div>\n\t<\/div> \n<\/div><\/div>\n\t\t<div id=\"fundraiser\"  data-column-margin=\"default\" data-midnight=\"dark\" data-top-percent=\"5%\" data-bottom-percent=\"5%\"  class=\"wpb_row vc_row-fluid vc_row full-width-section vc_row-o-equal-height vc_row-flex vc_row-o-content-middle\"  style=\"padding-top: calc(100vw * 0.05); padding-bottom: calc(100vw * 0.05); \"><div class=\"row-bg-wrap\" data-bg-animation=\"none\" data-bg-animation-delay=\"\" data-bg-overlay=\"false\"><div class=\"inner-wrap row-bg-layer\" ><div class=\"row-bg viewport-desktop\"  style=\"\"><\/div><\/div><\/div><div class=\"row_col_wrap_12 col span_12 dark left\">\n\t<div style=\" color: #000000;\" class=\"vc_col-sm-12 wpb_column column_container vc_column_container col no-extra-padding inherit_tablet inherit_phone\" data-cfc=\"true\"  data-padding-pos=\"all\" data-has-bg-color=\"false\" data-bg-color=\"\" data-bg-opacity=\"1\" data-animation=\"\" data-delay=\"0\" >\n\t\t<div class=\"vc_column-inner\" >\n\t\t\t<div class=\"wpb_wrapper\">\n\t\t\t\t<h2 style=\"font-size: 36px;color: #707070;line-height: 1.4;text-align: left;font-family:Crimson Text;font-weight:400;font-style:italic\" class=\"vc_custom_heading vc_do_custom_heading\" >Malgr\u00e9 une diminution de la population carc\u00e9rale provinciale, les d\u00e9c\u00e8s en \u00e9tablissement en Ontario augmentent \u00e0 un rythme alarmant. Signez notre p\u00e9tition pour nous aider \u00e0 agir maintenant pour am\u00e9liorer la surveillance, la transparence et les soutiens tenant compte des traumatismes apr\u00e8s les d\u00e9c\u00e8s en d\u00e9tention.<\/h2><div class=\"divider-wrap\" data-alignment=\"default\"><div style=\"margin-top: 25px; width: 120px; height: 6px; margin-bottom: 25px;\" data-width=\"120px\" data-animate=\"yes\" data-animation-delay=\"\" data-color=\"extra-color-1\" class=\"divider-small-border\"><\/div><\/div>[ninja_form id=\"1\u2033]\n\t\t\t<\/div> \n\t\t<\/div>\n\t<\/div> \n<\/div><\/div>\n\t\t<div id=\"fws_69e1df7c9defd\"  data-column-margin=\"default\" data-midnight=\"dark\"  class=\"wpb_row vc_row-fluid vc_row\"  style=\"padding-top: 0px; padding-bottom: 0px; \"><div class=\"row-bg-wrap\" data-bg-animation=\"none\" data-bg-animation-delay=\"\" data-bg-overlay=\"false\"><div class=\"inner-wrap row-bg-layer\" ><div class=\"row-bg viewport-desktop\"  style=\"\"><\/div><\/div><\/div><div class=\"row_col_wrap_12 col span_12 dark left\">\n\t<div  class=\"vc_col-sm-12 wpb_column column_container vc_column_container col no-extra-padding inherit_tablet inherit_phone\"  data-padding-pos=\"all\" data-has-bg-color=\"false\" data-bg-color=\"\" data-bg-opacity=\"1\" data-animation=\"\" data-delay=\"0\" >\n\t\t<div class=\"vc_column-inner\" >\n\t\t\t<div class=\"wpb_wrapper\">\n\t\t\t\t\n\t\t<div id=\"fws_69e1df7c9e322\"  data-column-margin=\"default\" data-midnight=\"dark\"  class=\"wpb_row vc_row-fluid vc_row full-width-section\"  style=\"padding-top: 0px; padding-bottom: 0px; \"><div class=\"row-bg-wrap\" data-bg-animation=\"none\" data-bg-animation-delay=\"\" data-bg-overlay=\"true\"><div class=\"inner-wrap row-bg-layer\" ><div class=\"row-bg viewport-desktop using-bg-color\"  style=\"background-color: #f2f2f2; \"><\/div><\/div><div class=\"row-bg-overlay row-bg-layer\" style=\"background: rgba(0,0,0,0.01); background: linear-gradient(to bottom,rgba(0,0,0,0.01) 0%,rgba(0,0,0,0.3) 100%);  opacity: 0.95; \"><\/div><\/div><div class=\"row_col_wrap_12 col span_12 dark left\">\n\t<div  class=\"vc_col-sm-12 wpb_column column_container vc_column_container col no-extra-padding inherit_tablet inherit_phone\"  data-padding-pos=\"all\" data-has-bg-color=\"false\" data-bg-color=\"\" data-bg-opacity=\"1\" data-animation=\"\" data-delay=\"0\" >\n\t\t<div class=\"vc_column-inner\" >\n\t\t\t<div class=\"wpb_wrapper\">\n\t\t\t\t<div class=\"divider-wrap\" data-alignment=\"default\"><div style=\"height: 10px;\" class=\"divider\"><\/div><\/div>\n\t\t\t<\/div> \n\t\t<\/div>\n\t<\/div> \n<\/div><\/div>\n\n\t\t\t<\/div> \n\t\t<\/div>\n\t<\/div> \n<\/div><\/div>","protected":false},"excerpt":{"rendered":"Malgr\u00e9 une diminution de la population carc\u00e9rale provinciale, les d\u00e9c\u00e8s en \u00e9tablissement en Ontario augmentent \u00e0 un rythme alarmant. Signez notre p\u00e9tition pour nous aider \u00e0 agir maintenant pour am\u00e9liorer la surveillance, la transparence et...","protected":false},"author":4,"featured_media":5003,"parent":3701,"menu_order":0,"comment_status":"closed","ping_status":"closed","template":"","meta":{"footnotes":""},"class_list":["post-8633","page","type-page","status-publish","has-post-thumbnail"],"yoast_head":"<!-- This site is optimized with the Yoast SEO plugin v24.7 - https:\/\/yoast.com\/wordpress\/plugins\/seo\/ -->\n<title>Sign Our Petition - CCLA<\/title>\n<meta name=\"robots\" content=\"index, follow, max-snippet:-1, max-image-preview:large, max-video-preview:-1\" \/>\n<link rel=\"canonical\" href=\"https:\/\/ccla.org\/fr\/appel-a-tous-les-activistes\/signer-notre-petition\/\" \/>\n<meta property=\"og:locale\" content=\"fr_CA\" \/>\n<meta property=\"og:type\" content=\"article\" \/>\n<meta property=\"og:title\" content=\"Sign Our Petition - CCLA\" \/>\n<meta property=\"og:url\" content=\"https:\/\/ccla.org\/fr\/appel-a-tous-les-activistes\/signer-notre-petition\/\" \/>\n<meta property=\"og:site_name\" content=\"CCLA\" \/>\n<meta property=\"article:modified_time\" content=\"2023-04-19T14:06:33+00:00\" \/>\n<meta property=\"og:image\" content=\"https:\/\/ccla.org\/wp-content\/uploads\/2021\/07\/COVID-prison-officer-handcuffs-P7FXGBF.jpg\" \/>\n\t<meta property=\"og:image:width\" content=\"2000\" \/>\n\t<meta property=\"og:image:height\" content=\"800\" \/>\n\t<meta property=\"og:image:type\" content=\"image\/jpeg\" \/>\n<meta name=\"twitter:card\" content=\"summary_large_image\" \/>\n<meta name=\"twitter:label1\" content=\"Estimation du temps de lecture\" \/>\n\t<meta name=\"twitter:data1\" content=\"1 minute\" \/>\n<script type=\"application\/ld+json\" class=\"yoast-schema-graph\">{\"@context\":\"https:\/\/schema.org\",\"@graph\":[{\"@type\":\"WebPage\",\"@id\":\"https:\/\/ccla.org\/calling-all-activists\/sign-our-petition\/\",\"url\":\"https:\/\/ccla.org\/calling-all-activists\/sign-our-petition\/\",\"name\":\"Sign Our Petition - CCLA\",\"isPartOf\":{\"@id\":\"https:\/\/ccla.org\/#website\"},\"primaryImageOfPage\":{\"@id\":\"https:\/\/ccla.org\/calling-all-activists\/sign-our-petition\/#primaryimage\"},\"image\":{\"@id\":\"https:\/\/ccla.org\/calling-all-activists\/sign-our-petition\/#primaryimage\"},\"thumbnailUrl\":\"https:\/\/ccla.org\/wp-content\/uploads\/2021\/07\/COVID-prison-officer-handcuffs-P7FXGBF.jpg\",\"datePublished\":\"2023-04-19T14:00:44+00:00\",\"dateModified\":\"2023-04-19T14:06:33+00:00\",\"breadcrumb\":{\"@id\":\"https:\/\/ccla.org\/calling-all-activists\/sign-our-petition\/#breadcrumb\"},\"inLanguage\":\"fr-CA\",\"potentialAction\":[{\"@type\":\"ReadAction\",\"target\":[\"https:\/\/ccla.org\/calling-all-activists\/sign-our-petition\/\"]}]},{\"@type\":\"ImageObject\",\"inLanguage\":\"fr-CA\",\"@id\":\"https:\/\/ccla.org\/calling-all-activists\/sign-our-petition\/#primaryimage\",\"url\":\"https:\/\/ccla.org\/wp-content\/uploads\/2021\/07\/COVID-prison-officer-handcuffs-P7FXGBF.jpg\",\"contentUrl\":\"https:\/\/ccla.org\/wp-content\/uploads\/2021\/07\/COVID-prison-officer-handcuffs-P7FXGBF.jpg\",\"width\":2000,\"height\":800},{\"@type\":\"BreadcrumbList\",\"@id\":\"https:\/\/ccla.org\/calling-all-activists\/sign-our-petition\/#breadcrumb\",\"itemListElement\":[{\"@type\":\"ListItem\",\"position\":1,\"name\":\"Home\",\"item\":\"https:\/\/ccla.org\/\"},{\"@type\":\"ListItem\",\"position\":2,\"name\":\"Get Involved\",\"item\":\"https:\/\/ccla.org\/calling-all-activists\/\"},{\"@type\":\"ListItem\",\"position\":3,\"name\":\"Sign Our Petition\"}]},{\"@type\":\"WebSite\",\"@id\":\"https:\/\/ccla.org\/#website\",\"url\":\"https:\/\/ccla.org\/\",\"name\":\"CCLA\",\"description\":\"\",\"potentialAction\":[{\"@type\":\"SearchAction\",\"target\":{\"@type\":\"EntryPoint\",\"urlTemplate\":\"https:\/\/ccla.org\/?s={search_term_string}\"},\"query-input\":{\"@type\":\"PropertyValueSpecification\",\"valueRequired\":true,\"valueName\":\"search_term_string\"}}],\"inLanguage\":\"fr-CA\"}]}<\/script>\n<!-- \/ Yoast SEO plugin. -->","yoast_head_json":{"title":"Sign Our Petition - CCLA","robots":{"index":"index","follow":"follow","max-snippet":"max-snippet:-1","max-image-preview":"max-image-preview:large","max-video-preview":"max-video-preview:-1"},"canonical":"https:\/\/ccla.org\/fr\/appel-a-tous-les-activistes\/signer-notre-petition\/","og_locale":"fr_CA","og_type":"article","og_title":"Sign Our Petition - CCLA","og_url":"https:\/\/ccla.org\/fr\/appel-a-tous-les-activistes\/signer-notre-petition\/","og_site_name":"CCLA","article_modified_time":"2023-04-19T14:06:33+00:00","og_image":[{"width":2000,"height":800,"url":"https:\/\/ccla.org\/wp-content\/uploads\/2021\/07\/COVID-prison-officer-handcuffs-P7FXGBF.jpg","type":"image\/jpeg"}],"twitter_card":"summary_large_image","twitter_misc":{"Estimation du temps de lecture":"1 minute"},"schema":{"@context":"https:\/\/schema.org","@graph":[{"@type":"WebPage","@id":"https:\/\/ccla.org\/calling-all-activists\/sign-our-petition\/","url":"https:\/\/ccla.org\/calling-all-activists\/sign-our-petition\/","name":"Sign Our Petition - CCLA","isPartOf":{"@id":"https:\/\/ccla.org\/#website"},"primaryImageOfPage":{"@id":"https:\/\/ccla.org\/calling-all-activists\/sign-our-petition\/#primaryimage"},"image":{"@id":"https:\/\/ccla.org\/calling-all-activists\/sign-our-petition\/#primaryimage"},"thumbnailUrl":"https:\/\/ccla.org\/wp-content\/uploads\/2021\/07\/COVID-prison-officer-handcuffs-P7FXGBF.jpg","datePublished":"2023-04-19T14:00:44+00:00","dateModified":"2023-04-19T14:06:33+00:00","breadcrumb":{"@id":"https:\/\/ccla.org\/calling-all-activists\/sign-our-petition\/#breadcrumb"},"inLanguage":"fr-CA","potentialAction":[{"@type":"ReadAction","target":["https:\/\/ccla.org\/calling-all-activists\/sign-our-petition\/"]}]},{"@type":"ImageObject","inLanguage":"fr-CA","@id":"https:\/\/ccla.org\/calling-all-activists\/sign-our-petition\/#primaryimage","url":"https:\/\/ccla.org\/wp-content\/uploads\/2021\/07\/COVID-prison-officer-handcuffs-P7FXGBF.jpg","contentUrl":"https:\/\/ccla.org\/wp-content\/uploads\/2021\/07\/COVID-prison-officer-handcuffs-P7FXGBF.jpg","width":2000,"height":800},{"@type":"BreadcrumbList","@id":"https:\/\/ccla.org\/calling-all-activists\/sign-our-petition\/#breadcrumb","itemListElement":[{"@type":"ListItem","position":1,"name":"Home","item":"https:\/\/ccla.org\/"},{"@type":"ListItem","position":2,"name":"Get Involved","item":"https:\/\/ccla.org\/calling-all-activists\/"},{"@type":"ListItem","position":3,"name":"Sign Our Petition"}]},{"@type":"WebSite","@id":"https:\/\/ccla.org\/#website","url":"https:\/\/ccla.org\/","name":"CCLA","description":"","potentialAction":[{"@type":"SearchAction","target":{"@type":"EntryPoint","urlTemplate":"https:\/\/ccla.org\/?s={search_term_string}"},"query-input":{"@type":"PropertyValueSpecification","valueRequired":true,"valueName":"search_term_string"}}],"inLanguage":"fr-CA"}]}},"_links":{"self":[{"href":"https:\/\/ccla.org\/fr\/wp-json\/wp\/v2\/pages\/8633","targetHints":{"allow":["GET"]}}],"collection":[{"href":"https:\/\/ccla.org\/fr\/wp-json\/wp\/v2\/pages"}],"about":[{"href":"https:\/\/ccla.org\/fr\/wp-json\/wp\/v2\/types\/page"}],"author":[{"embeddable":true,"href":"https:\/\/ccla.org\/fr\/wp-json\/wp\/v2\/users\/4"}],"replies":[{"embeddable":true,"href":"https:\/\/ccla.org\/fr\/wp-json\/wp\/v2\/comments?post=8633"}],"version-history":[{"count":2,"href":"https:\/\/ccla.org\/fr\/wp-json\/wp\/v2\/pages\/8633\/revisions"}],"predecessor-version":[{"id":8639,"href":"https:\/\/ccla.org\/fr\/wp-json\/wp\/v2\/pages\/8633\/revisions\/8639"}],"up":[{"embeddable":true,"href":"https:\/\/ccla.org\/fr\/wp-json\/wp\/v2\/pages\/3701"}],"wp:featuredmedia":[{"embeddable":true,"href":"https:\/\/ccla.org\/fr\/wp-json\/wp\/v2\/media\/5003"}],"wp:attachment":[{"href":"https:\/\/ccla.org\/fr\/wp-json\/wp\/v2\/media?parent=8633"}],"curies":[{"name":"wp","href":"https:\/\/api.w.org\/{rel}","templated":true}]}}