{"id":3688,"date":"2021-06-16T01:13:20","date_gmt":"2021-06-16T01:13:20","guid":{"rendered":"https:\/\/ccla.org\/?page_id=3688"},"modified":"2022-05-11T12:45:25","modified_gmt":"2022-05-11T16:45:25","slug":"frequently-asked-questions","status":"publish","type":"page","link":"https:\/\/ccla.org\/fr\/a-propos-de-nous\/questions-frequemment-posees\/","title":{"rendered":"Questions fr\u00e9quemment pos\u00e9es"},"content":{"rendered":"<div id=\"fws_69d2299a3a98f\"  data-column-margin=\"default\" data-midnight=\"dark\"  class=\"wpb_row vc_row-fluid vc_row\"  style=\"padding-top: 0px; padding-bottom: 0px; \"><div class=\"row-bg-wrap\" data-bg-animation=\"none\" data-bg-animation-delay=\"\" data-bg-overlay=\"false\"><div class=\"inner-wrap row-bg-layer\" ><div class=\"row-bg viewport-desktop\"  style=\"\"><\/div><\/div><\/div><div class=\"row_col_wrap_12 col span_12 dark left\">\n\t<div  class=\"vc_col-sm-12 wpb_column column_container vc_column_container col no-extra-padding inherit_tablet inherit_phone\"  data-padding-pos=\"all\" data-has-bg-color=\"false\" data-bg-color=\"\" data-bg-opacity=\"1\" data-animation=\"\" data-delay=\"0\" >\n\t\t<div class=\"vc_column-inner\" >\n\t\t\t<div class=\"wpb_wrapper\">\n\t\t\t\t\n\t\t<div id=\"fws_69d2299a3b606\"  data-column-margin=\"default\" data-midnight=\"dark\"  class=\"wpb_row vc_row-fluid vc_row full-width-section\"  style=\"padding-top: 0px; padding-bottom: 0px; \"><div class=\"row-bg-wrap\" data-bg-animation=\"none\" data-bg-animation-delay=\"\" data-bg-overlay=\"true\"><div class=\"inner-wrap row-bg-layer\" ><div class=\"row-bg viewport-desktop\"  style=\"\"><\/div><\/div><div class=\"row-bg-overlay row-bg-layer\" style=\"background: rgba(0,0,0,0.3); background: linear-gradient(to bottom,rgba(0,0,0,0.3) 0%,rgba(238,238,238,0.01) 100%);  opacity: 0.5; \"><\/div><\/div><div class=\"row_col_wrap_12 col span_12 dark left\">\n\t<div  class=\"vc_col-sm-12 wpb_column column_container vc_column_container col no-extra-padding inherit_tablet inherit_phone\"  data-padding-pos=\"all\" data-has-bg-color=\"false\" data-bg-color=\"\" data-bg-opacity=\"1\" data-animation=\"\" data-delay=\"0\" >\n\t\t<div class=\"vc_column-inner\" >\n\t\t\t<div class=\"wpb_wrapper\">\n\t\t\t\t<div class=\"divider-wrap\" data-alignment=\"default\"><div style=\"height: 10px;\" class=\"divider\"><\/div><\/div>\n\t\t\t<\/div> \n\t\t<\/div>\n\t<\/div> \n<\/div><\/div>\n\n\t\t\t<\/div> \n\t\t<\/div>\n\t<\/div> \n<\/div><\/div>\n\t\t<div id=\"fws_69d2299a3c464\"  data-column-margin=\"60px\" data-midnight=\"dark\" data-top-percent=\"3%\" data-bottom-percent=\"3%\"  class=\"wpb_row vc_row-fluid vc_row full-width-section  reverse_columns_column_phone\"  style=\"padding-top: calc(100vw * 0.03); padding-bottom: calc(100vw * 0.03); \"><div class=\"row-bg-wrap\" data-bg-animation=\"none\" data-bg-animation-delay=\"\" data-bg-overlay=\"false\"><div class=\"inner-wrap row-bg-layer\" ><div class=\"row-bg viewport-desktop using-bg-color\"  style=\"background-color: #ffffff; \"><\/div><\/div><\/div><div class=\"row_col_wrap_12 col span_12 dark left\">\n\t<div  class=\"vc_col-sm-12 wpb_column column_container vc_column_container col no-extra-padding inherit_tablet inherit_phone\"  data-padding-pos=\"right\" data-has-bg-color=\"false\" data-bg-color=\"\" data-bg-opacity=\"1\" data-animation=\"\" data-delay=\"0\" >\n\t\t<div class=\"vc_column-inner\" >\n\t\t\t<div class=\"wpb_wrapper\">\n\t\t\t\t<h2 style=\"font-size: 36px;color: #707070;line-height: 1.5;text-align: left;font-family:Crimson Text;font-weight:400;font-style:italic\" class=\"vc_custom_heading vc_do_custom_heading\" >Veuillez voir ci-dessous pour quelques questions fr\u00e9quemment pos\u00e9es.<\/h2><div class=\"divider-wrap\" data-alignment=\"default\"><div style=\"height: 30px;\" class=\"divider\"><\/div><\/div><h3 style=\"font-size: 30px;color: #1e5799;line-height: 1.5;text-align: left\" class=\"vc_custom_heading vc_do_custom_heading\" >Questions des donateurs<\/h3><div class=\"divider-wrap\" data-alignment=\"default\"><div style=\"margin-top: 15px; height: 2px; margin-bottom: 15px;\" data-width=\"100%\" data-animate=\"\" data-animation-delay=\"\" data-color=\"accent-color\" class=\"divider-border\"><\/div><\/div><div class=\"toggles\" data-br=\"\" data-starting=\"default\" data-style=\"minimal\"><div class=\"toggle accent-color\" data-inner-wrap=\"true\"><h3 class=\"toggle-title\"><a href=\"#\" role=\"button\" class=\"toggle-heading\"><i role=\"presentation\" class=\"fa fa-plus-circle\"><\/i>Que fait l&#039;ACLC ?<\/a><\/h3><div><div class=\"inner-toggle-wrap\">\n<div class=\"wpb_text_column wpb_content_element\" >\n\t<div class=\"wpb_wrapper\">\n\t\t<p>L&#039;ACLC est une organisation nationale des libert\u00e9s civiles qui a \u00e9t\u00e9 constitu\u00e9e pour promouvoir le respect et l&#039;observation des droits fondamentaux de la personne et des libert\u00e9s civiles au Canada. Pour faire avancer ces objectifs, nous participons aux litiges en tant que partie et en tant qu&#039;intervenant\u00a0; parler aux comit\u00e9s gouvernementaux qui pr\u00e9parent la l\u00e9gislation aux niveaux provincial et f\u00e9d\u00e9ral; tenir des r\u00e9unions et des rassemblements publics; faire des repr\u00e9sentations avant les enqu\u00eates publiques; mener des enqu\u00eates sur les exp\u00e9riences des gens avec diverses lois; publier des articles et appara\u00eetre r\u00e9guli\u00e8rement dans les m\u00e9dias de masse ; organiser des s\u00e9minaires et des programmes d&#039;\u00e9ducation pour les \u00e9l\u00e8ves aussi jeunes que la 3e ann\u00e9e jusqu&#039;au lyc\u00e9e, \u00e0 l&#039;universit\u00e9 et \u00e0 la facult\u00e9 de droit.<\/p>\n\t<\/div>\n<\/div>\n\n\n\n<\/div><\/div><\/div><div class=\"toggle accent-color\" data-inner-wrap=\"true\"><h3 class=\"toggle-title\"><a href=\"#\" role=\"button\" class=\"toggle-heading\"><i role=\"presentation\" class=\"fa fa-plus-circle\"><\/i>Les dons \u00e0 l&#039;ACLC sont-ils d\u00e9ductibles des imp\u00f4ts ?<\/a><\/h3><div><div class=\"inner-toggle-wrap\">\n<div class=\"wpb_text_column wpb_content_element\" >\n\t<div class=\"wpb_wrapper\">\n\t\t<p>Oui! L&#039;Association canadienne des libert\u00e9s civiles est un organisme de bienfaisance enregistr\u00e9 (num\u00e9ro d&#039;enregistrement 754802288 RR0001)<\/p>\n\t<\/div>\n<\/div>\n\n\n\n<\/div><\/div><\/div><div class=\"toggle accent-color\" data-inner-wrap=\"true\"><h3 class=\"toggle-title\"><a href=\"#\" role=\"button\" class=\"toggle-heading\"><i role=\"presentation\" class=\"fa fa-plus-circle\"><\/i>Comment l&#039;ACLC finance-t-elle ses cas?<\/a><\/h3><div><div class=\"inner-toggle-wrap\">\n<div class=\"wpb_text_column wpb_content_element\" >\n\t<div class=\"wpb_wrapper\">\n\t\t<p>L&#039;ACLC recueille des fonds aupr\u00e8s de donateurs publics et priv\u00e9s. Afin de maintenir notre ind\u00e9pendance, nous n&#039;acceptons pas d&#039;argent du gouvernement. Les avocats qui travaillent pour nous le font g\u00e9n\u00e9ralement sur une base\u00a0<em>pro bono<\/em>\u00a0base.<\/p>\n\t<\/div>\n<\/div>\n\n\n\n<\/div><\/div><\/div><div class=\"toggle accent-color\" data-inner-wrap=\"true\"><h3 class=\"toggle-title\"><a href=\"#\" role=\"button\" class=\"toggle-heading\"><i role=\"presentation\" class=\"fa fa-plus-circle\"><\/i>Comment faire un don \u00e0 l&#039;ACLC?<\/a><\/h3><div><div class=\"inner-toggle-wrap\">\n<div class=\"wpb_text_column wpb_content_element\" >\n\t<div class=\"wpb_wrapper\">\n\t\t<p>S&#039;il te pla\u00eet\u00a0<a href=\"https:\/\/ccla.org\/fr\/give\/\">cliquez ici pour visiter notre page de dons<\/a>. Vous pouvez \u00e9galement nous appeler au 416-646-1407 ext. 225 ou e-mail <a href=\"mailto:donations@ccla.org\">donations@ccla.org<\/a>. L&#039;Association canadienne des libert\u00e9s civiles est un organisme de bienfaisance enregistr\u00e9 et peut \u00e9mettre des re\u00e7us d&#039;imp\u00f4t pour les dons. (Num\u00e9ro d&#039;enregistrement caritatif 754 802 288 RR 0001)<\/p>\n\t<\/div>\n<\/div>\n\n\n\n<\/div><\/div><\/div><div class=\"toggle accent-color\" data-inner-wrap=\"true\"><h3 class=\"toggle-title\"><a href=\"#\" role=\"button\" class=\"toggle-heading\"><i role=\"presentation\" class=\"fa fa-plus-circle\"><\/i>Quelle est la diff\u00e9rence entre CCLA et CCLET ?<\/a><\/h3><div><div class=\"inner-toggle-wrap\">\n<div class=\"wpb_text_column wpb_content_element\" >\n\t<div class=\"wpb_wrapper\">\n\t\t<p>L&#039;ACLC a \u00e9t\u00e9 constitu\u00e9e en 1964. L&#039;ACLC a \u00e9t\u00e9 cr\u00e9\u00e9e par l&#039;ACLC en tant qu&#039;organisme caritatif de recherche en \u00e9ducation en 1967. L&#039;ACLC se concentre sur les litiges, la surveillance\/la recherche sur les libert\u00e9s civiles et la d\u00e9fense des droits, tandis que la CCLET s&#039;engage dans l&#039;\u00e9ducation du public, y compris des discours, des pr\u00e9sentations, des \u00e9ditoriaux, ainsi que la prestation de programmes dans les \u00e9coles et les facult\u00e9s d&#039;\u00e9ducation. Les deux organisations partagent le personnel et les ressources.<\/p>\n\t<\/div>\n<\/div>\n\n\n\n<\/div><\/div><\/div><div class=\"toggle accent-color\" data-inner-wrap=\"true\"><h3 class=\"toggle-title\"><a href=\"#\" role=\"button\" class=\"toggle-heading\"><i role=\"presentation\" class=\"fa fa-plus-circle\"><\/i>J&#039;ai fait un don mais je n&#039;ai pas encore re\u00e7u mon re\u00e7u fiscal. Comment puis-je obtenir une copie?<\/a><\/h3><div><div class=\"inner-toggle-wrap\">\n<div class=\"wpb_text_column wpb_content_element\" >\n\t<div class=\"wpb_wrapper\">\n\t\t<div id=\"elementor-tab-content-1136\" class=\"elementor-tab-content elementor-clearfix elementor-active\" role=\"tabpanel\" data-tab=\"6\" aria-labelledby=\"elementor-tab-title-1136\">Si vous nous avez appel\u00e9 pour faire un don, vous le recevrez dans le trimestre. Si vous avez fait un don en ligne, votre re\u00e7u vous a \u00e9t\u00e9 envoy\u00e9 automatiquement par courriel. Vous pouvez demander qu&#039;un re\u00e7u fiscal PDF vous soit \u00e0 nouveau envoy\u00e9 par e-mail si vous ne trouvez pas votre re\u00e7u. Si vous avez fait un don par la poste mais que vous souhaitez recevoir votre re\u00e7u fiscal (PDF) par e-mail, veuillez nous contacter. Les donateurs mensuels recevront un re\u00e7u fiscal cumulatif de fin d&#039;ann\u00e9e pour tous les dons mensuels de janvier de l&#039;ann\u00e9e pr\u00e9c\u00e9dente (ex. pour vos dons de janvier \u00e0 d\u00e9cembre, vous recevrez votre re\u00e7u en janvier de l&#039;ann\u00e9e suivante).<\/div>\n\t<\/div>\n<\/div>\n\n\n\n<\/div><\/div><\/div><\/div>\n\n\n\n\n\n\n\n\n\n\n\n\n\n\n\n\n\n\n\n<div class=\"divider-wrap\" data-alignment=\"default\"><div style=\"height: 50px;\" class=\"divider\"><\/div><\/div><h3 style=\"font-size: 30px;color: #1e5799;line-height: 1.5;text-align: left\" class=\"vc_custom_heading vc_do_custom_heading\" >Questions juridiques<\/h3><div class=\"divider-wrap\" data-alignment=\"default\"><div style=\"margin-top: 15px; height: 2px; margin-bottom: 15px;\" data-width=\"100%\" data-animate=\"\" data-animation-delay=\"\" data-color=\"accent-color\" class=\"divider-border\"><\/div><\/div><div class=\"toggles\" data-br=\"\" data-starting=\"default\" data-style=\"minimal\"><div class=\"toggle accent-color\" data-inner-wrap=\"true\"><h3 class=\"toggle-title\"><a href=\"#\" role=\"button\" class=\"toggle-heading\"><i role=\"presentation\" class=\"fa fa-plus-circle\"><\/i>Qu&#039;est-ce que cela signifie lorsque l&#039;ACLC obtient le \u00ab\u00a0statut d&#039;intervenant\u00a0\u00bb dans une affaire\u00a0?<\/a><\/h3><div><div class=\"inner-toggle-wrap\">\n<div class=\"wpb_text_column wpb_content_element\" >\n\t<div class=\"wpb_wrapper\">\n\t\t<p>Le \u00ab\u00a0statut d&#039;intervenant\u00a0\u00bb est un terme juridique qui signifie qu&#039;un tribunal a pris une d\u00e9cision formelle d&#039;accorder \u00e0 l&#039;ACLC le droit de participer \u00e0 la proc\u00e9dure devant le tribunal et de fournir des commentaires sur les questions juridiques examin\u00e9es. L&#039;affaire peut \u00eatre entre deux parties priv\u00e9es, ou entre le gouvernement et une partie priv\u00e9e. L&#039;ACLC cherche \u00e0 intervenir et \u00e0 pr\u00e9senter des arguments juridiques sur les questions de libert\u00e9s civiles au nom de tous les Canadiens afin que leurs droits soient prot\u00e9g\u00e9s, pr\u00e9serv\u00e9s et peut-\u00eatre m\u00eame \u00e9tendus.<\/p>\n\t<\/div>\n<\/div>\n\n\n\n<\/div><\/div><\/div><div class=\"toggle accent-color\" data-inner-wrap=\"true\"><h3 class=\"toggle-title\"><a href=\"#\" role=\"button\" class=\"toggle-heading\"><i role=\"presentation\" class=\"fa fa-plus-circle\"><\/i>Combien de temps faut-il, en moyenne, pour mener un dossier \u00e0 terme\u00a0?<\/a><\/h3><div><div class=\"inner-toggle-wrap\">\n<div class=\"wpb_text_column wpb_content_element\" >\n\t<div class=\"wpb_wrapper\">\n\t\t<p>La dur\u00e9e des affaires varie consid\u00e9rablement et est influenc\u00e9e par de nombreux facteurs, tels que le niveau du tribunal et la juridiction. La complexit\u00e9 des faits, des arguments juridiques et des probl\u00e8mes peut \u00e9galement affecter la dur\u00e9e d&#039;une affaire. Les d\u00e9cisions dans les affaires de la Cour supr\u00eame du Canada sont souvent rendues entre six et douze mois \u00e0 compter de la date de l&#039;audience, bien que dans certains cas, les d\u00e9cisions puissent prendre plus de temps.<\/p>\n\t<\/div>\n<\/div>\n\n\n\n<\/div><\/div><\/div><div class=\"toggle accent-color\" data-inner-wrap=\"true\"><h3 class=\"toggle-title\"><a href=\"#\" role=\"button\" class=\"toggle-heading\"><i role=\"presentation\" class=\"fa fa-plus-circle\"><\/i>Je suis avocat. Puis-je travailler b\u00e9n\u00e9volement pour l&#039;ACLC\u00a0?<\/a><\/h3><div><div class=\"inner-toggle-wrap\">\n<div class=\"wpb_text_column wpb_content_element\" >\n\t<div class=\"wpb_wrapper\">\n\t\t<p>Si vous \u00eates un avocat int\u00e9ress\u00e9 \u00e0 faire du travail juridique pour l&#039;ACLC, veuillez \u00e9crire \u00e0\u00a0<a href=\"mailto:administration@ccla.org\">administration@ccla.org<\/a>\u00a0pour plus d&#039;informations.<\/p>\n\t<\/div>\n<\/div>\n\n\n\n<\/div><\/div><\/div><div class=\"toggle accent-color\" data-inner-wrap=\"true\"><h3 class=\"toggle-title\"><a href=\"#\" role=\"button\" class=\"toggle-heading\"><i role=\"presentation\" class=\"fa fa-plus-circle\"><\/i>Je suis \u00e9tudiant en droit. Puis-je obtenir un stage \u00e0 l&#039;ACLC?<\/a><\/h3><div><div class=\"inner-toggle-wrap\">\n<div class=\"wpb_text_column wpb_content_element\" >\n\t<div class=\"wpb_wrapper\">\n\t\t<p>Notre capacit\u00e9 d&#039;accueillir des stagiaires d\u00e9pend du financement et peut varier d&#039;une ann\u00e9e \u00e0 l&#039;autre. Pour plus d&#039;informations, contactez le centre des carri\u00e8res de votre facult\u00e9 de droit ou envoyez-nous un courriel \u00e0 <a href=\"mailto:administration@ccla.org\">administration@ccla.org<\/a>.<\/p>\n\t<\/div>\n<\/div>\n\n\n\n<\/div><\/div><\/div><div class=\"toggle accent-color\" data-inner-wrap=\"true\"><h3 class=\"toggle-title\"><a href=\"#\" role=\"button\" class=\"toggle-heading\"><i role=\"presentation\" class=\"fa fa-plus-circle\"><\/i>Puis-je obtenir une copie de l&#039;un de vos arguments juridiques\u00a0?<\/a><\/h3><div><div class=\"inner-toggle-wrap\">\n<div class=\"wpb_text_column wpb_content_element\" >\n\t<div class=\"wpb_wrapper\">\n\t\t<p>Bon nombre de nos m\u00e9moires sont disponibles sur notre site Web.<\/p>\n\t<\/div>\n<\/div>\n\n\n\n<\/div><\/div><\/div><\/div>\n\n\n\n\n\n\n\n\n\n\n\n\n\n\n\n\n\n\n\n\n\t\t\t<\/div> \n\t\t<\/div>\n\t<\/div> \n<\/div><\/div>\n\t\t<div id=\"fws_69d2299a3f2e6\"  data-column-margin=\"default\" data-midnight=\"dark\"  class=\"wpb_row vc_row-fluid vc_row\"  style=\"padding-top: 0px; padding-bottom: 0px; \"><div class=\"row-bg-wrap\" data-bg-animation=\"none\" data-bg-animation-delay=\"\" data-bg-overlay=\"false\"><div class=\"inner-wrap row-bg-layer\" ><div class=\"row-bg viewport-desktop\"  style=\"\"><\/div><\/div><\/div><div class=\"row_col_wrap_12 col span_12 dark left\">\n\t<div  class=\"vc_col-sm-12 wpb_column column_container vc_column_container col no-extra-padding inherit_tablet inherit_phone\"  data-padding-pos=\"all\" data-has-bg-color=\"false\" data-bg-color=\"\" data-bg-opacity=\"1\" data-animation=\"\" data-delay=\"0\" >\n\t\t<div class=\"vc_column-inner\" >\n\t\t\t<div class=\"wpb_wrapper\">\n\t\t\t\t\n\t\t<div id=\"fws_69d2299a3fdf7\"  data-column-margin=\"default\" data-midnight=\"dark\"  class=\"wpb_row vc_row-fluid vc_row full-width-section\"  style=\"padding-top: 0px; padding-bottom: 0px; \"><div class=\"row-bg-wrap\" data-bg-animation=\"none\" data-bg-animation-delay=\"\" data-bg-overlay=\"true\"><div class=\"inner-wrap row-bg-layer\" ><div class=\"row-bg viewport-desktop using-bg-color\"  style=\"background-color: #f2f2f2; \"><\/div><\/div><div class=\"row-bg-overlay row-bg-layer\" style=\"background: rgba(0,0,0,0.01); background: linear-gradient(to bottom,rgba(0,0,0,0.01) 0%,rgba(0,0,0,0.3) 100%);  opacity: 0.95; \"><\/div><\/div><div class=\"row_col_wrap_12 col span_12 dark left\">\n\t<div  class=\"vc_col-sm-12 wpb_column column_container vc_column_container col no-extra-padding inherit_tablet inherit_phone\"  data-padding-pos=\"all\" data-has-bg-color=\"false\" data-bg-color=\"\" data-bg-opacity=\"1\" data-animation=\"\" data-delay=\"0\" >\n\t\t<div class=\"vc_column-inner\" >\n\t\t\t<div class=\"wpb_wrapper\">\n\t\t\t\t<div class=\"divider-wrap\" data-alignment=\"default\"><div style=\"height: 10px;\" class=\"divider\"><\/div><\/div>\n\t\t\t<\/div> \n\t\t<\/div>\n\t<\/div> \n<\/div><\/div>\n\n\t\t\t<\/div> \n\t\t<\/div>\n\t<\/div> \n<\/div><\/div>","protected":false},"excerpt":{"rendered":"Veuillez consulter ci-dessous les questions fr\u00e9quemment pos\u00e9es.Questions des donateursQue fait l&#039;ACLC\u00a0? L&#039;ACLC est une organisation nationale des libert\u00e9s civiles qui a \u00e9t\u00e9 constitu\u00e9e pour promouvoir le respect et l&#039;observation des principes fondamentaux...","protected":false},"author":4,"featured_media":3957,"parent":3699,"menu_order":0,"comment_status":"closed","ping_status":"closed","template":"","meta":{"footnotes":""},"class_list":["post-3688","page","type-page","status-publish","has-post-thumbnail"],"yoast_head":"<!-- This site is optimized with the Yoast SEO plugin v24.7 - https:\/\/yoast.com\/wordpress\/plugins\/seo\/ -->\n<title>Frequently Asked Questions - CCLA<\/title>\n<meta name=\"robots\" content=\"index, follow, max-snippet:-1, max-image-preview:large, max-video-preview:-1\" \/>\n<link rel=\"canonical\" href=\"https:\/\/ccla.org\/fr\/a-propos-de-nous\/questions-frequemment-posees\/\" \/>\n<meta property=\"og:locale\" content=\"fr_CA\" \/>\n<meta property=\"og:type\" content=\"article\" \/>\n<meta property=\"og:title\" content=\"Frequently Asked Questions - CCLA\" \/>\n<meta property=\"og:url\" content=\"https:\/\/ccla.org\/fr\/a-propos-de-nous\/questions-frequemment-posees\/\" \/>\n<meta property=\"og:site_name\" content=\"CCLA\" \/>\n<meta property=\"article:modified_time\" content=\"2022-05-11T16:45:25+00:00\" \/>\n<meta property=\"og:image\" content=\"https:\/\/ccla.org\/wp-content\/uploads\/2021\/06\/IMMIGRATION_man-with-canadian-flag-smil-49LUX2M.jpg\" \/>\n\t<meta property=\"og:image:width\" content=\"2000\" \/>\n\t<meta property=\"og:image:height\" content=\"800\" \/>\n\t<meta property=\"og:image:type\" content=\"image\/jpeg\" \/>\n<meta name=\"twitter:card\" content=\"summary_large_image\" \/>\n<meta name=\"twitter:label1\" content=\"Estimation du temps de lecture\" \/>\n\t<meta name=\"twitter:data1\" content=\"4 minutes\" \/>\n<script type=\"application\/ld+json\" class=\"yoast-schema-graph\">{\"@context\":\"https:\/\/schema.org\",\"@graph\":[{\"@type\":\"WebPage\",\"@id\":\"https:\/\/ccla.org\/about-us\/frequently-asked-questions\/\",\"url\":\"https:\/\/ccla.org\/about-us\/frequently-asked-questions\/\",\"name\":\"Frequently Asked Questions - CCLA\",\"isPartOf\":{\"@id\":\"https:\/\/ccla.org\/#website\"},\"primaryImageOfPage\":{\"@id\":\"https:\/\/ccla.org\/about-us\/frequently-asked-questions\/#primaryimage\"},\"image\":{\"@id\":\"https:\/\/ccla.org\/about-us\/frequently-asked-questions\/#primaryimage\"},\"thumbnailUrl\":\"https:\/\/ccla.org\/wp-content\/uploads\/2021\/06\/IMMIGRATION_man-with-canadian-flag-smil-49LUX2M.jpg\",\"datePublished\":\"2021-06-16T01:13:20+00:00\",\"dateModified\":\"2022-05-11T16:45:25+00:00\",\"breadcrumb\":{\"@id\":\"https:\/\/ccla.org\/about-us\/frequently-asked-questions\/#breadcrumb\"},\"inLanguage\":\"fr-CA\",\"potentialAction\":[{\"@type\":\"ReadAction\",\"target\":[\"https:\/\/ccla.org\/about-us\/frequently-asked-questions\/\"]}]},{\"@type\":\"ImageObject\",\"inLanguage\":\"fr-CA\",\"@id\":\"https:\/\/ccla.org\/about-us\/frequently-asked-questions\/#primaryimage\",\"url\":\"https:\/\/ccla.org\/wp-content\/uploads\/2021\/06\/IMMIGRATION_man-with-canadian-flag-smil-49LUX2M.jpg\",\"contentUrl\":\"https:\/\/ccla.org\/wp-content\/uploads\/2021\/06\/IMMIGRATION_man-with-canadian-flag-smil-49LUX2M.jpg\",\"width\":2000,\"height\":800},{\"@type\":\"BreadcrumbList\",\"@id\":\"https:\/\/ccla.org\/about-us\/frequently-asked-questions\/#breadcrumb\",\"itemListElement\":[{\"@type\":\"ListItem\",\"position\":1,\"name\":\"Home\",\"item\":\"https:\/\/ccla.org\/\"},{\"@type\":\"ListItem\",\"position\":2,\"name\":\"About Us\",\"item\":\"https:\/\/ccla.org\/about-us\/\"},{\"@type\":\"ListItem\",\"position\":3,\"name\":\"Frequently Asked Questions\"}]},{\"@type\":\"WebSite\",\"@id\":\"https:\/\/ccla.org\/#website\",\"url\":\"https:\/\/ccla.org\/\",\"name\":\"CCLA\",\"description\":\"\",\"potentialAction\":[{\"@type\":\"SearchAction\",\"target\":{\"@type\":\"EntryPoint\",\"urlTemplate\":\"https:\/\/ccla.org\/?s={search_term_string}\"},\"query-input\":{\"@type\":\"PropertyValueSpecification\",\"valueRequired\":true,\"valueName\":\"search_term_string\"}}],\"inLanguage\":\"fr-CA\"}]}<\/script>\n<!-- \/ Yoast SEO plugin. -->","yoast_head_json":{"title":"Frequently Asked Questions - CCLA","robots":{"index":"index","follow":"follow","max-snippet":"max-snippet:-1","max-image-preview":"max-image-preview:large","max-video-preview":"max-video-preview:-1"},"canonical":"https:\/\/ccla.org\/fr\/a-propos-de-nous\/questions-frequemment-posees\/","og_locale":"fr_CA","og_type":"article","og_title":"Frequently Asked Questions - CCLA","og_url":"https:\/\/ccla.org\/fr\/a-propos-de-nous\/questions-frequemment-posees\/","og_site_name":"CCLA","article_modified_time":"2022-05-11T16:45:25+00:00","og_image":[{"width":2000,"height":800,"url":"https:\/\/ccla.org\/wp-content\/uploads\/2021\/06\/IMMIGRATION_man-with-canadian-flag-smil-49LUX2M.jpg","type":"image\/jpeg"}],"twitter_card":"summary_large_image","twitter_misc":{"Estimation du temps de lecture":"4 minutes"},"schema":{"@context":"https:\/\/schema.org","@graph":[{"@type":"WebPage","@id":"https:\/\/ccla.org\/about-us\/frequently-asked-questions\/","url":"https:\/\/ccla.org\/about-us\/frequently-asked-questions\/","name":"Frequently Asked Questions - CCLA","isPartOf":{"@id":"https:\/\/ccla.org\/#website"},"primaryImageOfPage":{"@id":"https:\/\/ccla.org\/about-us\/frequently-asked-questions\/#primaryimage"},"image":{"@id":"https:\/\/ccla.org\/about-us\/frequently-asked-questions\/#primaryimage"},"thumbnailUrl":"https:\/\/ccla.org\/wp-content\/uploads\/2021\/06\/IMMIGRATION_man-with-canadian-flag-smil-49LUX2M.jpg","datePublished":"2021-06-16T01:13:20+00:00","dateModified":"2022-05-11T16:45:25+00:00","breadcrumb":{"@id":"https:\/\/ccla.org\/about-us\/frequently-asked-questions\/#breadcrumb"},"inLanguage":"fr-CA","potentialAction":[{"@type":"ReadAction","target":["https:\/\/ccla.org\/about-us\/frequently-asked-questions\/"]}]},{"@type":"ImageObject","inLanguage":"fr-CA","@id":"https:\/\/ccla.org\/about-us\/frequently-asked-questions\/#primaryimage","url":"https:\/\/ccla.org\/wp-content\/uploads\/2021\/06\/IMMIGRATION_man-with-canadian-flag-smil-49LUX2M.jpg","contentUrl":"https:\/\/ccla.org\/wp-content\/uploads\/2021\/06\/IMMIGRATION_man-with-canadian-flag-smil-49LUX2M.jpg","width":2000,"height":800},{"@type":"BreadcrumbList","@id":"https:\/\/ccla.org\/about-us\/frequently-asked-questions\/#breadcrumb","itemListElement":[{"@type":"ListItem","position":1,"name":"Home","item":"https:\/\/ccla.org\/"},{"@type":"ListItem","position":2,"name":"About Us","item":"https:\/\/ccla.org\/about-us\/"},{"@type":"ListItem","position":3,"name":"Frequently Asked Questions"}]},{"@type":"WebSite","@id":"https:\/\/ccla.org\/#website","url":"https:\/\/ccla.org\/","name":"CCLA","description":"","potentialAction":[{"@type":"SearchAction","target":{"@type":"EntryPoint","urlTemplate":"https:\/\/ccla.org\/?s={search_term_string}"},"query-input":{"@type":"PropertyValueSpecification","valueRequired":true,"valueName":"search_term_string"}}],"inLanguage":"fr-CA"}]}},"_links":{"self":[{"href":"https:\/\/ccla.org\/fr\/wp-json\/wp\/v2\/pages\/3688","targetHints":{"allow":["GET"]}}],"collection":[{"href":"https:\/\/ccla.org\/fr\/wp-json\/wp\/v2\/pages"}],"about":[{"href":"https:\/\/ccla.org\/fr\/wp-json\/wp\/v2\/types\/page"}],"author":[{"embeddable":true,"href":"https:\/\/ccla.org\/fr\/wp-json\/wp\/v2\/users\/4"}],"replies":[{"embeddable":true,"href":"https:\/\/ccla.org\/fr\/wp-json\/wp\/v2\/comments?post=3688"}],"version-history":[{"count":8,"href":"https:\/\/ccla.org\/fr\/wp-json\/wp\/v2\/pages\/3688\/revisions"}],"predecessor-version":[{"id":7656,"href":"https:\/\/ccla.org\/fr\/wp-json\/wp\/v2\/pages\/3688\/revisions\/7656"}],"up":[{"embeddable":true,"href":"https:\/\/ccla.org\/fr\/wp-json\/wp\/v2\/pages\/3699"}],"wp:featuredmedia":[{"embeddable":true,"href":"https:\/\/ccla.org\/fr\/wp-json\/wp\/v2\/media\/3957"}],"wp:attachment":[{"href":"https:\/\/ccla.org\/fr\/wp-json\/wp\/v2\/media?parent=3688"}],"curies":[{"name":"wp","href":"https:\/\/api.w.org\/{rel}","templated":true}]}}