{"id":10613,"date":"2025-08-22T14:42:38","date_gmt":"2025-08-22T18:42:38","guid":{"rendered":"https:\/\/ccla.org\/?page_id=10613"},"modified":"2025-08-26T13:46:41","modified_gmt":"2025-08-26T17:46:41","slug":"fundraising-partners","status":"publish","type":"page","link":"https:\/\/ccla.org\/fr\/a-propos-de-nous\/fundraising-partners\/","title":{"rendered":"Partenaires de collecte de fonds"},"content":{"rendered":"<div id=\"fws_69d93551d6f17\"  data-column-margin=\"default\" data-midnight=\"dark\"  class=\"wpb_row vc_row-fluid vc_row\"  style=\"padding-top: 0px; padding-bottom: 0px; \"><div class=\"row-bg-wrap\" data-bg-animation=\"none\" data-bg-animation-delay=\"\" data-bg-overlay=\"false\"><div class=\"inner-wrap row-bg-layer\" ><div class=\"row-bg viewport-desktop\"  style=\"\"><\/div><\/div><\/div><div class=\"row_col_wrap_12 col span_12 dark left\">\n\t<div  class=\"vc_col-sm-12 wpb_column column_container vc_column_container col no-extra-padding inherit_tablet inherit_phone\"  data-padding-pos=\"all\" data-has-bg-color=\"false\" data-bg-color=\"\" data-bg-opacity=\"1\" data-animation=\"\" data-delay=\"0\" >\n\t\t<div class=\"vc_column-inner\" >\n\t\t\t<div class=\"wpb_wrapper\">\n\t\t\t\t\n\t\t<div id=\"fws_69d93551d8511\"  data-column-margin=\"default\" data-midnight=\"dark\"  class=\"wpb_row vc_row-fluid vc_row full-width-section\"  style=\"padding-top: 0px; padding-bottom: 0px; \"><div class=\"row-bg-wrap\" data-bg-animation=\"none\" data-bg-animation-delay=\"\" data-bg-overlay=\"true\"><div class=\"inner-wrap row-bg-layer\" ><div class=\"row-bg viewport-desktop\"  style=\"\"><\/div><\/div><div class=\"row-bg-overlay row-bg-layer\" style=\"background: rgba(0,0,0,0.3); background: linear-gradient(to bottom,rgba(0,0,0,0.3) 0%,rgba(238,238,238,0.01) 100%);  opacity: 0.5; \"><\/div><\/div><div class=\"row_col_wrap_12 col span_12 dark left\">\n\t<div  class=\"vc_col-sm-12 wpb_column column_container vc_column_container col no-extra-padding inherit_tablet inherit_phone\"  data-padding-pos=\"all\" data-has-bg-color=\"false\" data-bg-color=\"\" data-bg-opacity=\"1\" data-animation=\"\" data-delay=\"0\" >\n\t\t<div class=\"vc_column-inner\" >\n\t\t\t<div class=\"wpb_wrapper\">\n\t\t\t\t<div class=\"divider-wrap\" data-alignment=\"default\"><div style=\"height: 10px;\" class=\"divider\"><\/div><\/div>\n\t\t\t<\/div> \n\t\t<\/div>\n\t<\/div> \n<\/div><\/div>\n\n\t\t\t<\/div> \n\t\t<\/div>\n\t<\/div> \n\n\t<div  class=\"vc_col-sm-12 wpb_column column_container vc_column_container col no-extra-padding inherit_tablet inherit_phone\"  data-padding-pos=\"all\" data-has-bg-color=\"false\" data-bg-color=\"\" data-bg-opacity=\"1\" data-animation=\"\" data-delay=\"0\" >\n\t\t<div class=\"vc_column-inner\" >\n\t\t\t<div class=\"wpb_wrapper\">\n\t\t\t\t<div class=\"divider-wrap\" data-alignment=\"default\"><div style=\"height: 25px;\" class=\"divider\"><\/div><\/div><div class=\"img-with-aniamtion-wrap center\" data-max-width=\"100%\" data-max-width-mobile=\"default\" data-shadow=\"none\" data-animation=\"none\" >\n      <div class=\"inner\">\n        <div class=\"hover-wrap\"> \n          <div class=\"hover-wrap-inner\">\n            <img loading=\"lazy\" decoding=\"async\" class=\"img-with-animation skip-lazy\" data-delay=\"0\" height=\"1440\" width=\"2560\" data-animation=\"none\" src=\"https:\/\/ccla.org\/wp-content\/uploads\/2025\/08\/po-team-scaled.jpg\" alt=\"\" srcset=\"https:\/\/ccla.org\/wp-content\/uploads\/2025\/08\/po-team-scaled.jpg 2560w, https:\/\/ccla.org\/wp-content\/uploads\/2025\/08\/po-team-300x169.jpg 300w, https:\/\/ccla.org\/wp-content\/uploads\/2025\/08\/po-team-1024x576.jpg 1024w, https:\/\/ccla.org\/wp-content\/uploads\/2025\/08\/po-team-768x432.jpg 768w, https:\/\/ccla.org\/wp-content\/uploads\/2025\/08\/po-team-1536x864.jpg 1536w, https:\/\/ccla.org\/wp-content\/uploads\/2025\/08\/po-team-2048x1152.jpg 2048w, https:\/\/ccla.org\/wp-content\/uploads\/2025\/08\/po-team-18x10.jpg 18w\" sizes=\"auto, (max-width: 2560px) 100vw, 2560px\" \/>\n          <\/div>\n        <\/div>\n      <\/div>\n    <\/div><div class=\"divider-wrap\" data-alignment=\"default\"><div style=\"height: 25px;\" class=\"divider\"><\/div><\/div>\n<div class=\"wpb_text_column wpb_content_element\" >\n\t<div class=\"wpb_wrapper\">\n\t\t<h6>Travailler avec nos partenaires de collecte de fonds<\/h6>\n<p>L'Association canadienne des libert\u00e9s civiles (ACLC) et la Fiducie canadienne pour l'\u00e9ducation en mati\u00e8re de libert\u00e9s civiles (FCELC) travaillent avec des partenaires de collecte de fonds de confiance afin d'obtenir le soutien n\u00e9cessaire pour faire avancer notre travail de plaidoyer et nos programmes d'\u00e9ducation qui se concentrent sur la protection des droits et des libert\u00e9s \u00e0 travers le Canada.<\/p>\n<h6>Collecte de fonds en face \u00e0 face<\/h6>\n<p>Le CCLET travaille actuellement avec l'agence professionnelle de collecte de fonds <strong>Sensibilisation du public<\/strong>. Nous avons personnellement form\u00e9 nos collecteurs de fonds en personne pour qu'ils deviennent des ambassadeurs passionn\u00e9s du CCLET, en leur fournissant une formation approfondie sur notre histoire et les programmes \u00e9ducatifs novateurs du CCLET.<\/p>\n<p>Si vous habitez \u00e0 Toronto, vous rencontrerez peut-\u00eatre l'un de nos partenaires de collecte de fonds dans la rue. Ces collecteurs de fonds s'adressent directement aux membres du public pour les sensibiliser au CCLET et les inviter \u00e0 soutenir notre travail en devenant des donateurs mensuels.<\/p>\n<h6>Comment savoir si une collecte de fonds est l\u00e9gitime ?<\/h6>\n<p>Nos collecteurs de fonds sont facilement identifiables gr\u00e2ce \u00e0 leurs t-shirts portant la marque du CCLET. Ils utilisent des tablettes \u00e9lectroniques s\u00e9curis\u00e9es pour recueillir les informations relatives aux donateurs et n'acceptent pas de dons en esp\u00e8ces.<\/p>\n<h6>Pourquoi des dons mensuels ?<\/h6>\n<p>Les dons mensuels sont le soutien constant dont d\u00e9pendent nos programmes \u00e9ducatifs. Gr\u00e2ce aux contributions fiables des donateurs mensuels, nous pouvons :<\/p>\n<ul>\n<li>Continuer \u00e0 proposer gratuitement des ateliers innovants et des programmes de cours aux \u00e9tudiants et aux adultes.<\/li>\n<li>D\u00e9velopper de nouvelles ressources pour les \u00e9ducateurs et les \u00e9tudiants<\/li>\n<li>Atteindre plus de communaut\u00e9s avec des conversations sur les droits, les libert\u00e9s et la d\u00e9mocratie<\/li>\n<\/ul>\n<h6>Le processus d'inscription<\/h6>\n<p>Lorsque vous choisissez de devenir un donateur mensuel dans le cadre de l'une de nos collectes de fonds, vos informations sont saisies dans une base de donn\u00e9es. <strong>syst\u00e8me de tablettes s\u00e9curis\u00e9 et crypt\u00e9<\/strong>. Lorsque vous vous inscrivez avec une carte de cr\u00e9dit, votre premier don est trait\u00e9 imm\u00e9diatement et vous recevez une confirmation sur place.<\/p>\n<p>Pour garantir l'exactitude et la s\u00e9curit\u00e9 des donn\u00e9es, les nouveaux donateurs mensuels re\u00e7oivent \u00e9galement un num\u00e9ro d'identification. <strong>appel t\u00e9l\u00e9phonique de confirmation<\/strong> de notre centre de v\u00e9rification de confiance.<\/p>\n<h6>Plus d'informations<\/h6>\n<p>Vous pouvez en savoir plus sur notre partenaire de confiance, Public Outreach, en visitant son site web \u00e0 l'adresse suivante <a href=\"http:\/\/www.publicoutreachgroup.com\">www.publicoutreachgroup.com<\/a>.<\/p>\n<p>Si vous avez des questions concernant notre campagne actuelle, vous pouvez \u00e9galement nous contacter au (416) 646-1407 ou \u00e0 l'adresse suivante <a href=\"mailto:donations@cclet.org\">donations@cclet.org<\/a>.<\/p>\n\t<\/div>\n<\/div>\n\n\n\n<div class=\"divider-wrap\" data-alignment=\"default\"><div style=\"height: 25px;\" class=\"divider\"><\/div><\/div>\n\t\t\t<\/div> \n\t\t<\/div>\n\t<\/div> \n\n\t<div  class=\"vc_col-sm-12 wpb_column column_container vc_column_container col no-extra-padding inherit_tablet inherit_phone\"  data-padding-pos=\"all\" data-has-bg-color=\"false\" data-bg-color=\"\" data-bg-opacity=\"1\" data-animation=\"\" data-delay=\"0\" >\n\t\t<div class=\"vc_column-inner\" >\n\t\t\t<div class=\"wpb_wrapper\">\n\t\t\t\t\n\t\t\t<\/div> \n\t\t<\/div>\n\t<\/div> \n<\/div><\/div>\n\t\t<div id=\"fws_69d93551dc17d\"  data-column-margin=\"default\" data-midnight=\"dark\"  class=\"wpb_row vc_row-fluid vc_row\"  style=\"padding-top: 0px; padding-bottom: 0px; \"><div class=\"row-bg-wrap\" data-bg-animation=\"none\" data-bg-animation-delay=\"\" data-bg-overlay=\"false\"><div class=\"inner-wrap row-bg-layer\" ><div class=\"row-bg viewport-desktop\"  style=\"\"><\/div><\/div><\/div><div class=\"row_col_wrap_12 col span_12 dark left\">\n\t<div  class=\"vc_col-sm-12 wpb_column column_container vc_column_container col no-extra-padding inherit_tablet inherit_phone\"  data-padding-pos=\"all\" data-has-bg-color=\"false\" data-bg-color=\"\" data-bg-opacity=\"1\" data-animation=\"\" data-delay=\"0\" >\n\t\t<div class=\"vc_column-inner\" >\n\t\t\t<div class=\"wpb_wrapper\">\n\t\t\t\t\n\t\t\t<\/div> \n\t\t<\/div>\n\t<\/div> \n<\/div><\/div>","protected":false},"excerpt":{"rendered":"Travailler avec nos partenaires de collecte de fonds L'Association canadienne des libert\u00e9s civiles (ACLC) et la Fiducie d'\u00e9ducation pour les libert\u00e9s civiles (FEALC) travaillent avec des partenaires de collecte de fonds de confiance pour obtenir le soutien n\u00e9cessaire \u00e0 l'avancement...","protected":false},"author":19,"featured_media":1122,"parent":3699,"menu_order":0,"comment_status":"closed","ping_status":"closed","template":"","meta":{"footnotes":""},"class_list":["post-10613","page","type-page","status-publish","has-post-thumbnail"],"yoast_head":"<!-- This site is optimized with the Yoast SEO plugin v24.7 - https:\/\/yoast.com\/wordpress\/plugins\/seo\/ -->\n<title>Fundraising Partners - CCLA<\/title>\n<meta name=\"robots\" content=\"index, follow, max-snippet:-1, max-image-preview:large, max-video-preview:-1\" \/>\n<link rel=\"canonical\" href=\"https:\/\/ccla.org\/fr\/a-propos-de-nous\/fundraising-partners\/\" \/>\n<meta property=\"og:locale\" content=\"fr_CA\" \/>\n<meta property=\"og:type\" content=\"article\" \/>\n<meta property=\"og:title\" content=\"Fundraising Partners - CCLA\" \/>\n<meta property=\"og:url\" content=\"https:\/\/ccla.org\/fr\/a-propos-de-nous\/fundraising-partners\/\" \/>\n<meta property=\"og:site_name\" content=\"CCLA\" \/>\n<meta property=\"article:modified_time\" content=\"2025-08-26T17:46:41+00:00\" \/>\n<meta property=\"og:image\" content=\"https:\/\/ccla.org\/wp-content\/uploads\/2021\/05\/Equity_750x900.jpg\" \/>\n\t<meta property=\"og:image:width\" content=\"750\" \/>\n\t<meta property=\"og:image:height\" content=\"900\" \/>\n\t<meta property=\"og:image:type\" content=\"image\/jpeg\" \/>\n<meta name=\"twitter:card\" content=\"summary_large_image\" \/>\n<meta name=\"twitter:label1\" content=\"Estimation du temps de lecture\" \/>\n\t<meta name=\"twitter:data1\" content=\"3 minutes\" \/>\n<script type=\"application\/ld+json\" class=\"yoast-schema-graph\">{\"@context\":\"https:\/\/schema.org\",\"@graph\":[{\"@type\":\"WebPage\",\"@id\":\"https:\/\/ccla.org\/about-us\/fundraising-partners\/\",\"url\":\"https:\/\/ccla.org\/about-us\/fundraising-partners\/\",\"name\":\"Fundraising Partners - CCLA\",\"isPartOf\":{\"@id\":\"https:\/\/ccla.org\/#website\"},\"primaryImageOfPage\":{\"@id\":\"https:\/\/ccla.org\/about-us\/fundraising-partners\/#primaryimage\"},\"image\":{\"@id\":\"https:\/\/ccla.org\/about-us\/fundraising-partners\/#primaryimage\"},\"thumbnailUrl\":\"https:\/\/ccla.org\/wp-content\/uploads\/2021\/05\/Equity_750x900.jpg\",\"datePublished\":\"2025-08-22T18:42:38+00:00\",\"dateModified\":\"2025-08-26T17:46:41+00:00\",\"breadcrumb\":{\"@id\":\"https:\/\/ccla.org\/about-us\/fundraising-partners\/#breadcrumb\"},\"inLanguage\":\"fr-CA\",\"potentialAction\":[{\"@type\":\"ReadAction\",\"target\":[\"https:\/\/ccla.org\/about-us\/fundraising-partners\/\"]}]},{\"@type\":\"ImageObject\",\"inLanguage\":\"fr-CA\",\"@id\":\"https:\/\/ccla.org\/about-us\/fundraising-partners\/#primaryimage\",\"url\":\"https:\/\/ccla.org\/wp-content\/uploads\/2021\/05\/Equity_750x900.jpg\",\"contentUrl\":\"https:\/\/ccla.org\/wp-content\/uploads\/2021\/05\/Equity_750x900.jpg\",\"width\":750,\"height\":900},{\"@type\":\"BreadcrumbList\",\"@id\":\"https:\/\/ccla.org\/about-us\/fundraising-partners\/#breadcrumb\",\"itemListElement\":[{\"@type\":\"ListItem\",\"position\":1,\"name\":\"Home\",\"item\":\"https:\/\/ccla.org\/\"},{\"@type\":\"ListItem\",\"position\":2,\"name\":\"About Us\",\"item\":\"https:\/\/ccla.org\/about-us\/\"},{\"@type\":\"ListItem\",\"position\":3,\"name\":\"Fundraising Partners\"}]},{\"@type\":\"WebSite\",\"@id\":\"https:\/\/ccla.org\/#website\",\"url\":\"https:\/\/ccla.org\/\",\"name\":\"CCLA\",\"description\":\"\",\"potentialAction\":[{\"@type\":\"SearchAction\",\"target\":{\"@type\":\"EntryPoint\",\"urlTemplate\":\"https:\/\/ccla.org\/?s={search_term_string}\"},\"query-input\":{\"@type\":\"PropertyValueSpecification\",\"valueRequired\":true,\"valueName\":\"search_term_string\"}}],\"inLanguage\":\"fr-CA\"}]}<\/script>\n<!-- \/ Yoast SEO plugin. -->","yoast_head_json":{"title":"Fundraising Partners - CCLA","robots":{"index":"index","follow":"follow","max-snippet":"max-snippet:-1","max-image-preview":"max-image-preview:large","max-video-preview":"max-video-preview:-1"},"canonical":"https:\/\/ccla.org\/fr\/a-propos-de-nous\/fundraising-partners\/","og_locale":"fr_CA","og_type":"article","og_title":"Fundraising Partners - CCLA","og_url":"https:\/\/ccla.org\/fr\/a-propos-de-nous\/fundraising-partners\/","og_site_name":"CCLA","article_modified_time":"2025-08-26T17:46:41+00:00","og_image":[{"width":750,"height":900,"url":"https:\/\/ccla.org\/wp-content\/uploads\/2021\/05\/Equity_750x900.jpg","type":"image\/jpeg"}],"twitter_card":"summary_large_image","twitter_misc":{"Estimation du temps de lecture":"3 minutes"},"schema":{"@context":"https:\/\/schema.org","@graph":[{"@type":"WebPage","@id":"https:\/\/ccla.org\/about-us\/fundraising-partners\/","url":"https:\/\/ccla.org\/about-us\/fundraising-partners\/","name":"Fundraising Partners - CCLA","isPartOf":{"@id":"https:\/\/ccla.org\/#website"},"primaryImageOfPage":{"@id":"https:\/\/ccla.org\/about-us\/fundraising-partners\/#primaryimage"},"image":{"@id":"https:\/\/ccla.org\/about-us\/fundraising-partners\/#primaryimage"},"thumbnailUrl":"https:\/\/ccla.org\/wp-content\/uploads\/2021\/05\/Equity_750x900.jpg","datePublished":"2025-08-22T18:42:38+00:00","dateModified":"2025-08-26T17:46:41+00:00","breadcrumb":{"@id":"https:\/\/ccla.org\/about-us\/fundraising-partners\/#breadcrumb"},"inLanguage":"fr-CA","potentialAction":[{"@type":"ReadAction","target":["https:\/\/ccla.org\/about-us\/fundraising-partners\/"]}]},{"@type":"ImageObject","inLanguage":"fr-CA","@id":"https:\/\/ccla.org\/about-us\/fundraising-partners\/#primaryimage","url":"https:\/\/ccla.org\/wp-content\/uploads\/2021\/05\/Equity_750x900.jpg","contentUrl":"https:\/\/ccla.org\/wp-content\/uploads\/2021\/05\/Equity_750x900.jpg","width":750,"height":900},{"@type":"BreadcrumbList","@id":"https:\/\/ccla.org\/about-us\/fundraising-partners\/#breadcrumb","itemListElement":[{"@type":"ListItem","position":1,"name":"Home","item":"https:\/\/ccla.org\/"},{"@type":"ListItem","position":2,"name":"About Us","item":"https:\/\/ccla.org\/about-us\/"},{"@type":"ListItem","position":3,"name":"Fundraising Partners"}]},{"@type":"WebSite","@id":"https:\/\/ccla.org\/#website","url":"https:\/\/ccla.org\/","name":"CCLA","description":"","potentialAction":[{"@type":"SearchAction","target":{"@type":"EntryPoint","urlTemplate":"https:\/\/ccla.org\/?s={search_term_string}"},"query-input":{"@type":"PropertyValueSpecification","valueRequired":true,"valueName":"search_term_string"}}],"inLanguage":"fr-CA"}]}},"_links":{"self":[{"href":"https:\/\/ccla.org\/fr\/wp-json\/wp\/v2\/pages\/10613","targetHints":{"allow":["GET"]}}],"collection":[{"href":"https:\/\/ccla.org\/fr\/wp-json\/wp\/v2\/pages"}],"about":[{"href":"https:\/\/ccla.org\/fr\/wp-json\/wp\/v2\/types\/page"}],"author":[{"embeddable":true,"href":"https:\/\/ccla.org\/fr\/wp-json\/wp\/v2\/users\/19"}],"replies":[{"embeddable":true,"href":"https:\/\/ccla.org\/fr\/wp-json\/wp\/v2\/comments?post=10613"}],"version-history":[{"count":8,"href":"https:\/\/ccla.org\/fr\/wp-json\/wp\/v2\/pages\/10613\/revisions"}],"predecessor-version":[{"id":10635,"href":"https:\/\/ccla.org\/fr\/wp-json\/wp\/v2\/pages\/10613\/revisions\/10635"}],"up":[{"embeddable":true,"href":"https:\/\/ccla.org\/fr\/wp-json\/wp\/v2\/pages\/3699"}],"wp:featuredmedia":[{"embeddable":true,"href":"https:\/\/ccla.org\/fr\/wp-json\/wp\/v2\/media\/1122"}],"wp:attachment":[{"href":"https:\/\/ccla.org\/fr\/wp-json\/wp\/v2\/media?parent=10613"}],"curies":[{"name":"wp","href":"https:\/\/api.w.org\/{rel}","templated":true}]}}